{"id":379,"date":"2025-01-30T22:19:42","date_gmt":"2025-01-30T22:19:42","guid":{"rendered":"https:\/\/abn.wp.mck.works\/?page_id=379"},"modified":"2025-08-14T11:12:26","modified_gmt":"2025-08-14T11:12:26","slug":"terms-conditions","status":"publish","type":"page","link":"https:\/\/mcs-eu.de\/de\/terms-conditions\/","title":{"rendered":"AGB"},"content":{"rendered":"<style>.kb-row-layout-id379_f353b7-7f > .kt-row-column-wrap{align-content:start;}:where(.kb-row-layout-id379_f353b7-7f > .kt-row-column-wrap) > .wp-block-kadence-column{justify-content:start;}.kb-row-layout-id379_f353b7-7f > .kt-row-column-wrap{column-gap:var(--global-kb-gap-md, 2rem);row-gap:var(--global-kb-gap-md, 2rem);max-width:var( --global-content-width, 1290px );padding-left:var(--global-content-edge-padding);padding-right:var(--global-content-edge-padding);padding-top:var(--global-kb-spacing-lg, 3rem);padding-bottom:var(--global-kb-spacing-lg, 3rem);grid-template-columns:minmax(0, 1fr);}.kb-row-layout-id379_f353b7-7f > .kt-row-layout-overlay{opacity:0.30;}@media all and (max-width: 1024px){.kb-row-layout-id379_f353b7-7f > .kt-row-column-wrap{grid-template-columns:minmax(0, 1fr);}}@media all and (max-width: 767px){.kb-row-layout-id379_f353b7-7f > .kt-row-column-wrap{grid-template-columns:minmax(0, 1fr);}}<\/style><div class=\"kb-row-layout-wrap kb-row-layout-id379_f353b7-7f alignnone wp-block-kadence-rowlayout\"><div class=\"kt-row-column-wrap kt-has-1-columns kt-row-layout-equal kt-tab-layout-inherit kt-mobile-layout-row kt-row-valign-top kb-theme-content-width\">\n<style>.kadence-column379_3ce5bb-6a > .kt-inside-inner-col,.kadence-column379_3ce5bb-6a > .kt-inside-inner-col:before{border-top-left-radius:0px;border-top-right-radius:0px;border-bottom-right-radius:0px;border-bottom-left-radius:0px;}.kadence-column379_3ce5bb-6a > .kt-inside-inner-col{column-gap:var(--global-kb-gap-sm, 1rem);}.kadence-column379_3ce5bb-6a > .kt-inside-inner-col{flex-direction:column;}.kadence-column379_3ce5bb-6a > .kt-inside-inner-col > .aligncenter{width:100%;}.kadence-column379_3ce5bb-6a > .kt-inside-inner-col:before{opacity:0.3;}.kadence-column379_3ce5bb-6a{position:relative;}@media all and (max-width: 1024px){.kadence-column379_3ce5bb-6a > .kt-inside-inner-col{flex-direction:column;justify-content:center;}}@media all and (max-width: 767px){.kadence-column379_3ce5bb-6a > .kt-inside-inner-col{flex-direction:column;justify-content:center;}}<\/style>\n<div class=\"wp-block-kadence-column kadence-column379_3ce5bb-6a\"><div class=\"kt-inside-inner-col\">\n<h1 class=\"wp-block-heading\">AGB<\/h1>\n<\/div><\/div>\n\n<\/div><\/div>\n\n<style>.kb-row-layout-id379_7bcddd-15 > .kt-row-column-wrap{align-content:start;}:where(.kb-row-layout-id379_7bcddd-15 > .kt-row-column-wrap) > .wp-block-kadence-column{justify-content:start;}.kb-row-layout-id379_7bcddd-15 > .kt-row-column-wrap{column-gap:var(--global-kb-gap-md, 2rem);row-gap:var(--global-kb-gap-md, 2rem);max-width:var( --global-content-width, 1290px );padding-left:var(--global-content-edge-padding);padding-right:var(--global-content-edge-padding);padding-top:var(--global-kb-spacing-lg, 3rem);padding-right:var(--global-kb-spacing-sm, 1.5rem);padding-bottom:var(--global-kb-spacing-3xl, 6.5rem);padding-left:var(--global-kb-spacing-sm, 1.5rem);grid-template-columns:minmax(0, 1fr);}.kb-row-layout-id379_7bcddd-15 > .kt-row-layout-overlay{opacity:0.30;}@media all and (max-width: 1024px){.kb-row-layout-id379_7bcddd-15 > .kt-row-column-wrap{grid-template-columns:minmax(0, 1fr);}}@media all and (max-width: 767px){.kb-row-layout-id379_7bcddd-15 > .kt-row-column-wrap{grid-template-columns:minmax(0, 1fr);}}<\/style><div class=\"kb-row-layout-wrap kb-row-layout-id379_7bcddd-15 alignnone has-theme-palette7-background-color kt-row-has-bg wp-block-kadence-rowlayout\"><div class=\"kt-row-column-wrap kt-has-1-columns kt-row-layout-equal kt-tab-layout-inherit kt-mobile-layout-row kt-row-valign-top kb-theme-content-width\">\n<style>.kadence-column379_0bb5c0-aa > .kt-inside-inner-col,.kadence-column379_0bb5c0-aa > .kt-inside-inner-col:before{border-top-left-radius:0px;border-top-right-radius:0px;border-bottom-right-radius:0px;border-bottom-left-radius:0px;}.kadence-column379_0bb5c0-aa > .kt-inside-inner-col{column-gap:var(--global-kb-gap-sm, 1rem);}.kadence-column379_0bb5c0-aa > .kt-inside-inner-col{flex-direction:column;}.kadence-column379_0bb5c0-aa > .kt-inside-inner-col > .aligncenter{width:100%;}.kadence-column379_0bb5c0-aa > .kt-inside-inner-col:before{opacity:0.3;}.kadence-column379_0bb5c0-aa{position:relative;}@media all and (max-width: 1024px){.kadence-column379_0bb5c0-aa > .kt-inside-inner-col{flex-direction:column;justify-content:center;}}@media all and (max-width: 767px){.kadence-column379_0bb5c0-aa > .kt-inside-inner-col{flex-direction:column;justify-content:center;}}<\/style>\n<div class=\"wp-block-kadence-column kadence-column379_0bb5c0-aa\"><div class=\"kt-inside-inner-col\">\n<p><strong>ALLGEMEINE GESCH\u00c4FTSBEDINGUNGEN<\/strong><\/p>\n\n\n\n<p>Diese Allgemeinen Gesch\u00e4ftsbedingungen (\u201eVertrag\u201c) gelten f\u00fcr jeden K\u00e4ufer von Produkten und\/oder D\u00e4mpfersystemen der MCS Europe B.V.. Gesch\u00e4fte mit der MCS Europe B.V. oder einem ihrer H\u00e4ndler unterliegen diesen Bedingungen. Mit der Bestellung, der Entgegennahme oder dem Betrieb eines Fahrzeugs, das mit Produkten oder D\u00e4mpfersystemen von Motion Control Suspension ausgestattet ist, erkennt der K\u00e4ufer und Verbraucher die Bedingungen dieser Vereinbarung vorbehaltlos an.<\/p>\n\n\n\n<p><strong>GESAMTE VEREINBARUNG<\/strong><br>Diese Nutzungsbedingungen stellen die alleinige Aufzeichnung der Vereinbarung zwischen dem K\u00e4ufer und der MCS Europe B.V. in Bezug auf die Nutzung der MCS-Website durch den K\u00e4ufer dar. Weder der K\u00e4ufer noch die MCS Europe B.V. sind durch ausdr\u00fcckliche, stillschweigende oder konkludente Zusicherungen, Garantien, Versprechen oder \u00c4hnliches gebunden, die hier nicht festgehalten sind. Sofern nicht ausdr\u00fccklich anders angegeben, ersetzt diese Vereinbarung alle fr\u00fcheren schriftlichen oder m\u00fcndlichen Verpflichtungen, Zusagen und Erkl\u00e4rungen zwischen dem K\u00e4ufer und der MCS Europe B.V. in Bezug auf die Nutzung dieser Website durch den K\u00e4ufer.<\/p>\n\n\n\n<p><strong>ENTSCH\u00c4DIGUNG<\/strong><br>Der K\u00e4ufer erkl\u00e4rt sich damit einverstanden, Motion Control Suspension, unsere Muttergesellschaften, Tochtergesellschaften, Gesch\u00e4ftspartner, verbundenen Unternehmen, leitenden Angestellten, Direktoren, Mitarbeiter, Bevollm\u00e4chtigten, Anw\u00e4lte und alle anderen, die im Namen von MCS handeln, von jeglicher Haftung, Verlusten, Sch\u00e4den, Anspr\u00fcchen, Forderungen und Kosten, einschlie\u00dflich angemessener Anwaltskosten, freizustellen, zu verteidigen und schadlos zu halten, die von Dritten geltend gemacht werden und in irgendeiner Weise mit der Nutzung dieser Website durch den K\u00e4ufer oder einem Versto\u00df gegen diese Nutzungsbedingungen zusammenh\u00e4ngen.<br>Der K\u00e4ufer stellt uns von allen Schadensersatzanspr\u00fcchen Dritter frei, die im Verantwortungsbereich des K\u00e4ufers entstehen.<\/p>\n\n\n\n<p><strong>KAUF UND PREISGESTALTUNG<\/strong><br>Motion Control Suspension verkauft nicht direkt an den Verbraucher. Alle Motion Control Suspension D\u00e4mpfersysteme werden nur \u00fcber autorisierte Motion Control Suspension H\u00e4ndler verkauft.<\/p>\n\n\n\n<p><strong>RETURNS<\/strong><br>F\u00fcr den Fall, dass die vom K\u00e4ufer gekauften Waren angeblich mangelhaft sind, erkl\u00e4rt sich der K\u00e4ufer bereit, diese Waren an den Verk\u00e4ufer zur \u00dcberpr\u00fcfung und Berichterstattung zur\u00fcckzusenden (ohne dass der Verk\u00e4ufer die besagten Waren vor einer solchen \u00dcberpr\u00fcfung austauscht). Der K\u00e4ufer akzeptiert auch, dass es angemessen ist, den Verk\u00e4ufer \u00fcber eine Unterbrechung, einen Mangel oder eine andere St\u00f6rung zu informieren, bevor er sich an unabh\u00e4ngige Dritte wendet oder Kosten auf sich nimmt, und dem Verk\u00e4ufer die M\u00f6glichkeit zu geben, den Mangel, die St\u00f6rung oder die Unterbrechung zu beheben. F\u00fcr vom K\u00e4ufer ge\u00e4nderte oder angepasste Teile entf\u00e4llt die Gew\u00e4hrleistung des Herstellers und die MCS Europe B.V. haftet nicht f\u00fcr Fehler, die durch die \u00c4nderung entstehen.<\/p>\n\n\n\n<p><strong>HAFTUNG<\/strong><br>Jegliche Vorschl\u00e4ge, Ratschl\u00e4ge oder Empfehlungen, die von der MCS Europe B.V. oder einem ihrer Mitarbeiter erteilt werden, sind ausschlie\u00dflich auf der Grundlage der vom K\u00e4ufer oder Verbraucher erteilten Informationen erstellt worden und sind lediglich als Meinung zu betrachten und als solche zu verstehen. Die MCS Europe B.V. haftet nicht und ist nicht daf\u00fcr verantwortlich, diese Informationen zu \u00fcberpr\u00fcfen und\/oder zu best\u00e4tigen. Jegliche Vorschl\u00e4ge, Ratschl\u00e4ge oder Empfehlungen, die von der MCS Europe B.V. oder einem ihrer Mitarbeiter gegeben werden, sind nur als Meinung zu betrachten und die MCS Europe B.V. kann nicht f\u00fcr Sch\u00e4den, Verletzungen oder Todesf\u00e4lle haftbar gemacht werden, wie unten im Abschnitt \u201eSCHADENSRISIKO, VERLETZUNG ODER TOD\u201c beschrieben.<\/p>\n\n\n\n<p><strong>RISIKO VON SCH\u00c4DEN, VERLETZUNGEN ODER TOD<\/strong><br>High Performance Driving Events (HPDE), Auto-Crossing, Rennen, Motorsport und Hochgeschwindigkeitsfahrten sind gef\u00e4hrliche Aktivit\u00e4ten und Unf\u00e4lle k\u00f6nnen zu Sch\u00e4den, Verletzungen und\/oder Tod f\u00fchren. MCS Europe B.V. haftet nicht f\u00fcr Sch\u00e4den, Verletzungen oder Todesf\u00e4lle im Zusammenhang mit diesen Aktivit\u00e4ten.<\/p>\n\n\n\n<p><strong>GARANTIEBEDINGUNGEN UND -BESCHR\u00c4NKUNGEN<\/strong><br>Die MCS Europe B.V. gew\u00e4hrt dem urspr\u00fcnglichen Einzelhandelsk\u00e4ufer und\/oder Verbraucher eine Garantie auf alle MCS 1WNR, 2WNR, 2WR und 3WR D\u00e4mpfersysteme gegen Verarbeitungs-, Qualit\u00e4tskontroll- und Materialfehler ab dem urspr\u00fcnglichen Kaufdatum.<br>Die Gew\u00e4hrleistung liegt im Ermessen der MCS Europe B.V. und kann bei Inspektion und Anzeichen von unsachgem\u00e4\u00dfer Installation, Kollision, Modifikation oder Produktmissbrauch oder -missbrauch nicht gew\u00e4hrt werden.<\/p>\n\n\n\n<p><strong>VERPFLICHTUNG ZU ANSPR\u00dcCHEN<\/strong><br>Die Verpflichtung der MCS Europe B.V. beschr\u00e4nkt sich ausschlie\u00dflich auf die Reparatur oder den Ersatz von Motion Control Suspension Produkten. Die MCS Europe B.V. und ihre Mitarbeiter sind nicht verpflichtet oder verantwortlich f\u00fcr die Kosten, die mit dem Ausbau, dem Ersatz und\/oder dem Versand von Motion Control Suspension Produkten zu irgendwelchen Zwecken, einschlie\u00dflich zu Garantiezwecken, verbunden sind.<br>Dar\u00fcber hinaus ist die MCS Europe B.V. unter keinen Umst\u00e4nden zum Ersatz von Sch\u00e4den an Fahrzeugen, Personen oder Sachen verpflichtet.<\/p>\n\n\n\n<p><strong>STREITBEILEGUNG UND GERICHTSBARKEIT<\/strong><br>Diese Bedingungen und dieser Vertrag (einschlie\u00dflich eines per Fernkommunikation abgeschlossenen Vertrags) werden in \u00dcbereinstimmung mit dem Recht von Deutschland ausgelegt. Der K\u00e4ufer erkl\u00e4rt sich damit einverstanden, dass Deutschland, Koblenz in Rheinland-Pfalz, der einzige und ausschlie\u00dfliche Gerichtsstand f\u00fcr alle Streitigkeiten zwischen dem K\u00e4ufer und der MCS Europe B.V.. Es ist die Absicht der Parteien dieser Vereinbarung, in gutem Glauben zu verhandeln und alle angemessenen Anstrengungen zu unternehmen, um alle Streitigkeiten, die sich aus diesen Bedingungen ergeben, fair zu l\u00f6sen. Jede Partei erkl\u00e4rt sich hiermit bereit, zu versuchen, eine L\u00f6sung f\u00fcr jede Streitigkeit auszuhandeln. F\u00fcr den Fall, dass die Parteien nicht in der Lage sind, eine Streitigkeit durch Verhandlungen beizulegen, vereinbaren die Parteien, die Streitigkeit einer nicht bindenden Schlichtung zu unterziehen. Jede Partei tr\u00e4gt ihre eigenen Kosten, einschlie\u00dflich der Anwaltskosten f\u00fcr ein eventuell erforderliches Schiedsverfahren.&nbsp;<\/p>\n\n\n\n<p><strong>GEW\u00c4HRLEISTUNG<\/strong><br>(1) F\u00fcr Verbraucher gelten die gesetzlichen Gew\u00e4hrleistungsvorschriften.<br>(2) Schadensersatzanspr\u00fcche wegen der Verletzung von Leben, K\u00f6rper oder Gesundheit oder aufgrund des Produkthaftungsgesetzes bleiben unber\u00fchrt. Gleiches gilt f\u00fcr Pflichtverletzungen unserer Erf\u00fcllungsgehilfen.<br>(3) Bei Unternehmern verj\u00e4hren Gew\u00e4hrleistungsanspr\u00fcche, die nicht auf Schadensersatz gerichtet sind, in einem Jahr ab Ablieferung der Ware. Die gesetzlichen Verj\u00e4hrungsfristen f\u00fcr R\u00fcckgriffsanspr\u00fcche des Unternehmers nach \u00a7 478 BGB bleiben hiervon unber\u00fchrt.<\/p>\n<\/div><\/div>\n\n<\/div><\/div>","protected":false},"excerpt":{"rendered":"<p>Terms &amp; Conditions MOTION CONTROL SUSPENSION TERMS &amp; CONDITIONS These Terms and Conditions (\u201cAgreement\u201d) are applicable to any Purchaser of MCS Europe B.V. products and\/or damper systems. Transactions with MCS Europe B.V. or any of its Dealers are subject to these Terms and Conditions. By placing an order for, taking delivery of or operating any&#8230;<\/p>","protected":false},"author":1,"featured_media":0,"parent":0,"menu_order":0,"comment_status":"closed","ping_status":"closed","template":"","meta":{"_kad_blocks_custom_css":"","_kad_blocks_head_custom_js":"","_kad_blocks_body_custom_js":"","_kad_blocks_footer_custom_js":"","_kad_post_transparent":"","_kad_post_title":"default","_kad_post_layout":"","_kad_post_sidebar_id":"","_kad_post_content_style":"","_kad_post_vertical_padding":"","_kad_post_feature":"","_kad_post_feature_position":"","_kad_post_header":false,"_kad_post_footer":false,"footnotes":""},"class_list":["post-379","page","type-page","status-publish","hentry"],"taxonomy_info":[],"featured_image_src_large":false,"author_info":{"display_name":"admin","author_link":"https:\/\/mcs-eu.de\/de\/author\/mcs_wp\/"},"comment_info":0,"jetpack_sharing_enabled":true,"_links":{"self":[{"href":"https:\/\/mcs-eu.de\/de\/wp-json\/wp\/v2\/pages\/379","targetHints":{"allow":["GET"]}}],"collection":[{"href":"https:\/\/mcs-eu.de\/de\/wp-json\/wp\/v2\/pages"}],"about":[{"href":"https:\/\/mcs-eu.de\/de\/wp-json\/wp\/v2\/types\/page"}],"author":[{"embeddable":true,"href":"https:\/\/mcs-eu.de\/de\/wp-json\/wp\/v2\/users\/1"}],"replies":[{"embeddable":true,"href":"https:\/\/mcs-eu.de\/de\/wp-json\/wp\/v2\/comments?post=379"}],"version-history":[{"count":7,"href":"https:\/\/mcs-eu.de\/de\/wp-json\/wp\/v2\/pages\/379\/revisions"}],"predecessor-version":[{"id":1836,"href":"https:\/\/mcs-eu.de\/de\/wp-json\/wp\/v2\/pages\/379\/revisions\/1836"}],"wp:attachment":[{"href":"https:\/\/mcs-eu.de\/de\/wp-json\/wp\/v2\/media?parent=379"}],"curies":[{"name":"wp","href":"https:\/\/api.w.org\/{rel}","templated":true}]}}